{"id":12,"date":"2024-03-15T10:54:14","date_gmt":"2024-03-15T08:54:14","guid":{"rendered":"https:\/\/denissvarkov23.thkit.ee\/wwp\/?page_id=12"},"modified":"2024-03-15T10:59:59","modified_gmt":"2024-03-15T08:59:59","slug":"info-minust","status":"publish","type":"page","link":"https:\/\/denissvarkov23.thkit.ee\/wwp\/info-minust\/","title":{"rendered":"Info minust"},"content":{"rendered":"\n<p>Siia tuleb info minust<\/p>\n\n\n\n<p>Ma olen <strong><em>Denis \u0160varkov<\/em><\/strong>, l\u00f5petasin<em><strong> Tallinna Mahtra P\u00f5hikoolis<\/strong><\/em>.<\/p>\n\n\n\n<p>Praegu ma \u00f5pin <a href=\"https:\/\/www.tthk.ee\/\"><strong>Tallinna T\u00f6\u00f6stushariduskeskus<\/strong><\/a> T\u00f6\u00f6stusinfomaatika erialal.<\/p>\n\n\n\n<p>\u00d5ppimisest ootan palju praktikat ja kogemust ja tulevikus saada hea palka!<\/p>\n\n\n\n<p>Minu huvialad &#8211; jalgpall, arvutim\u00e4ngud.<\/p>\n\n\n\n<figure class=\"wp-block-image size-large is-resized\"><img loading=\"lazy\" decoding=\"async\" width=\"1024\" height=\"576\" src=\"https:\/\/denissvarkov23.thkit.ee\/wwp\/wp-content\/uploads\/2024\/03\/image-1024x576.png\" alt=\"\" class=\"wp-image-13\" style=\"width:295px;height:auto\" srcset=\"https:\/\/denissvarkov23.thkit.ee\/wwp\/wp-content\/uploads\/2024\/03\/image-1024x576.png 1024w, https:\/\/denissvarkov23.thkit.ee\/wwp\/wp-content\/uploads\/2024\/03\/image-300x169.png 300w, https:\/\/denissvarkov23.thkit.ee\/wwp\/wp-content\/uploads\/2024\/03\/image-768x432.png 768w, https:\/\/denissvarkov23.thkit.ee\/wwp\/wp-content\/uploads\/2024\/03\/image-1536x864.png 1536w, https:\/\/denissvarkov23.thkit.ee\/wwp\/wp-content\/uploads\/2024\/03\/image.png 1920w\" sizes=\"auto, (max-width: 1024px) 100vw, 1024px\" \/><\/figure>\n","protected":false},"excerpt":{"rendered":"<p>Siia tuleb info minust Ma olen Denis \u0160varkov, l\u00f5petasin Tallinna Mahtra P\u00f5hikoolis. Praegu ma \u00f5pin Tallinna T\u00f6\u00f6stushariduskeskus T\u00f6\u00f6stusinfomaatika erialal. \u00d5ppimisest ootan palju praktikat ja kogemust ja tulevikus saada hea palka! Minu huvialad &#8211; jalgpall, arvutim\u00e4ngud.<\/p>\n","protected":false},"author":1,"featured_media":0,"parent":0,"menu_order":0,"comment_status":"closed","ping_status":"closed","template":"","meta":{"_coblocks_attr":"","_coblocks_dimensions":"","_coblocks_responsive_height":"","_coblocks_accordion_ie_support":"","footnotes":""},"class_list":["post-12","page","type-page","status-publish","hentry"],"_links":{"self":[{"href":"https:\/\/denissvarkov23.thkit.ee\/wwp\/wp-json\/wp\/v2\/pages\/12","targetHints":{"allow":["GET"]}}],"collection":[{"href":"https:\/\/denissvarkov23.thkit.ee\/wwp\/wp-json\/wp\/v2\/pages"}],"about":[{"href":"https:\/\/denissvarkov23.thkit.ee\/wwp\/wp-json\/wp\/v2\/types\/page"}],"author":[{"embeddable":true,"href":"https:\/\/denissvarkov23.thkit.ee\/wwp\/wp-json\/wp\/v2\/users\/1"}],"replies":[{"embeddable":true,"href":"https:\/\/denissvarkov23.thkit.ee\/wwp\/wp-json\/wp\/v2\/comments?post=12"}],"version-history":[{"count":2,"href":"https:\/\/denissvarkov23.thkit.ee\/wwp\/wp-json\/wp\/v2\/pages\/12\/revisions"}],"predecessor-version":[{"id":17,"href":"https:\/\/denissvarkov23.thkit.ee\/wwp\/wp-json\/wp\/v2\/pages\/12\/revisions\/17"}],"wp:attachment":[{"href":"https:\/\/denissvarkov23.thkit.ee\/wwp\/wp-json\/wp\/v2\/media?parent=12"}],"curies":[{"name":"wp","href":"https:\/\/api.w.org\/{rel}","templated":true}]}}